{"id":85,"date":"2021-07-15T18:13:38","date_gmt":"2021-07-15T18:13:38","guid":{"rendered":"http:\/\/drasilvinagaglio.com.ar\/?page_id=85"},"modified":"2022-02-09T00:55:35","modified_gmt":"2022-02-09T00:55:35","slug":"reconocerte","status":"publish","type":"page","link":"https:\/\/drasilvinagaglio.com.ar\/index.php\/reconocerte\/","title":{"rendered":"Reconocerte"},"content":{"rendered":"<p>[et_pb_section fb_built=&#8221;1&#8243; admin_label=&#8221;section&#8221; _builder_version=&#8221;3.22&#8243; custom_padding=&#8221;70px|||||&#8221; global_colors_info=&#8221;{}&#8221;][et_pb_row column_structure=&#8221;1_2,1_2&#8243; admin_label=&#8221;row&#8221; _builder_version=&#8221;3.25&#8243; background_size=&#8221;initial&#8221; background_position=&#8221;top_left&#8221; background_repeat=&#8221;repeat&#8221; min_height=&#8221;439px&#8221; global_colors_info=&#8221;{}&#8221;][et_pb_column type=&#8221;1_2&#8243; _builder_version=&#8221;3.25&#8243; custom_padding=&#8221;|||&#8221; global_colors_info=&#8221;{}&#8221; custom_padding__hover=&#8221;|||&#8221;][et_pb_text _builder_version=&#8221;4.9.11&#8243; _module_preset=&#8221;default&#8221; header_font=&#8221;Prata||||||||&#8221; header_text_color=&#8221;rgba(180,139,133,0.27)&#8221; header_font_size=&#8221;60px&#8221; width=&#8221;99.8%&#8221; filter_blur=&#8221;2px&#8221; header_font_size_tablet=&#8221;&#8221; header_font_size_phone=&#8221;37px&#8221; header_font_size_last_edited=&#8221;on|phone&#8221; inline_fonts=&#8221;Baskervville&#8221; global_colors_info=&#8221;{}&#8221;]<\/p>\n<h1><span style=\"font-family: Baskervville;\">RECONOCERTE<\/span><\/h1>\n<p>[\/et_pb_text][et_pb_text _builder_version=&#8221;4.9.10&#8243; _module_preset=&#8221;default&#8221; text_font=&#8221;Lato||||||||&#8221; text_text_color=&#8221;#707070&#8243; text_font_size=&#8221;16px&#8221; text_line_height=&#8221;1.6em&#8221; header_font=&#8221;Lato||||||||&#8221; custom_margin=&#8221;||||false|false&#8221; global_colors_info=&#8221;{}&#8221;]<\/p>\n<p>Tu imagen es parte de tu identidad!<\/p>\n<p>El rostro presenta puntos claves que lo identifican con lo femenino o lo masculino. Por ejemplo, las cejas altas y con curvatura, los p\u00f3mulos proyectados, una nariz suave, labios jugosos y ment\u00f3n fino se observan con m\u00e1s frecuencia en rostros femeninos. Por el contrario, cejas bajas y planas, nariz recta, labios finos, ment\u00f3n ancho, arco mandibular marcado y anguloso se identifican m\u00e1s con lo masculino.<\/p>\n<p>En la medicina est\u00e9tica contamos con tratamientos que permiten modelar estos rasgos cuando una persona busca suavizarlos o potenciarlos, incluso despu\u00e9s de un tratamiento hormonal.<\/p>\n<p>[\/et_pb_text][\/et_pb_column][et_pb_column type=&#8221;1_2&#8243; _builder_version=&#8221;3.25&#8243; custom_padding=&#8221;|||&#8221; global_colors_info=&#8221;{}&#8221; custom_padding__hover=&#8221;|||&#8221;][et_pb_image src=&#8221;https:\/\/drasilvinagaglio.com.ar\/wp-content\/uploads\/2021\/07\/Interseccion-1-1.png&#8221; title_text=&#8221;Intersecci\u00f3n 1&#8243; _builder_version=&#8221;4.9.10&#8243; _module_preset=&#8221;default&#8221; border_radii=&#8221;off||50px||50px&#8221; box_shadow_style=&#8221;preset4&#8243; box_shadow_horizontal=&#8221;30px&#8221; box_shadow_vertical=&#8221;30px&#8221; box_shadow_color=&#8221;rgba(180,139,133,0.38)&#8221; global_colors_info=&#8221;{}&#8221;][\/et_pb_image][\/et_pb_column][\/et_pb_row][et_pb_row _builder_version=&#8221;4.9.10&#8243; _module_preset=&#8221;default&#8221; custom_padding=&#8221;100px|||||&#8221; global_colors_info=&#8221;{}&#8221;][et_pb_column type=&#8221;4_4&#8243; _builder_version=&#8221;4.9.10&#8243; _module_preset=&#8221;default&#8221; global_colors_info=&#8221;{}&#8221;][et_pb_text _builder_version=&#8221;4.9.10&#8243; header_2_font=&#8221;Lato|700|||||||&#8221; header_2_text_color=&#8221;#707070&#8243; header_2_font_size=&#8221;55px&#8221; custom_margin=&#8221;||||false|false&#8221; global_colors_info=&#8221;{}&#8221;]<\/p>\n<h2 style=\"text-align: center;\">Nuestras principales herramientas<\/h2>\n<p>[\/et_pb_text][et_pb_divider color=&#8221;#b48b85&#8243; _builder_version=&#8221;4.9.10&#8243; _module_preset=&#8221;default&#8221; global_colors_info=&#8221;{}&#8221;][\/et_pb_divider][et_pb_toggle title=&#8221;Reestructuraci\u00f3n facial con \u00e1cido hialur\u00f3nico&#8221; _builder_version=&#8221;4.14.7&#8243; _module_preset=&#8221;default&#8221; title_font=&#8221;Lato||||||||&#8221; title_font_size=&#8221;17px&#8221; hover_enabled=&#8221;0&#8243; global_colors_info=&#8221;{}&#8221; sticky_enabled=&#8221;0&#8243;]<\/p>\n<p><span style=\"font-weight: 400;\">El \u00e1cido hialur\u00f3nico es el producto estrella en la medicina est\u00e9tica de vanguardia.<\/span><\/p>\n<p><span style=\"font-weight: 400;\">La industria farmac\u00e9utica se va superando cada vez m\u00e1s en su elaboraci\u00f3n. Hoy en d\u00eda contamos no con uno sino con muchos \u201c\u00e1cidos hialur\u00f3nicos\u201d gracias a las diferentes caracter\u00edsticas que les han ido modificando en su fabricaci\u00f3n. Esta gran familia de acidos hialuronicos se adapta a las diferentes necesidades est\u00e9ticas aumentando sus usos e indicaciones.<\/span><\/p>\n<p><span style=\"font-weight: 400;\">Debido a la diferente gama de productos que lo contienen y a su versatilidad es una de mis herramientas favoritas.<\/span><\/p>\n<p>&nbsp;<\/p>\n<p><span style=\"font-weight: 400;\">Usos\/indicaciones:<\/span><\/p>\n<ol>\n<li style=\"font-weight: 400;\" aria-level=\"1\"><span style=\"font-weight: 400;\">Armonizaci\u00f3n facial y lifting no quir\u00fargico.<\/span><\/li>\n<li style=\"font-weight: 400;\" aria-level=\"1\"><span style=\"font-weight: 400;\">Reposicionamiento de tercio medio (zona malar\/p\u00f3mulos) como eje del rejuvenecimiento facial.<\/span><\/li>\n<li style=\"font-weight: 400;\" aria-level=\"1\"><span style=\"font-weight: 400;\">Perfiloplastia<\/span><\/li>\n<li style=\"font-weight: 400;\" aria-level=\"1\"><span style=\"font-weight: 400;\">Ment\u00f3n: mentoplastia sin cirugia; correcci\u00f3n de retrognatia (retroceso del ment\u00f3n); \u201ccelulitis\u201d del menton.\u00a0<\/span><\/li>\n<li style=\"font-weight: 400;\" aria-level=\"1\"><span style=\"font-weight: 400;\">Contorneado mandibular.<\/span><\/li>\n<li style=\"font-weight: 400;\" aria-level=\"1\"><span style=\"font-weight: 400;\">Mejoria indirecta de doble papada y flaccidez del cuello.<\/span><\/li>\n<li style=\"font-weight: 400;\" aria-level=\"1\"><span style=\"font-weight: 400;\">Flaccidez facial.<\/span><\/li>\n<li style=\"font-weight: 400;\" aria-level=\"1\"><span style=\"font-weight: 400;\">Labios: correcci\u00f3n de asimetrias; proyecci\u00f3n; voluminizaci\u00f3n; perfilado. Codigo de barras.\u00a0<\/span><\/li>\n<li style=\"font-weight: 400;\" aria-level=\"1\"><span style=\"font-weight: 400;\">Nariz: Rinomodelaci\u00f3n o nariz sin cirugia; elevaci\u00f3n de punta nasal.<\/span><\/li>\n<li style=\"font-weight: 400;\" aria-level=\"1\"><span style=\"font-weight: 400;\">Ojeras.<\/span><\/li>\n<li style=\"font-weight: 400;\" aria-level=\"1\"><span style=\"font-weight: 400;\">Elevaci\u00f3n de cola de cejas.<\/span><\/li>\n<li style=\"font-weight: 400;\" aria-level=\"1\"><span style=\"font-weight: 400;\">Disminuci\u00f3n de arrugas y surcos: surco nasogeniano, marioneta, glabela, etc.<\/span><\/li>\n<li style=\"font-weight: 400;\" aria-level=\"1\"><span style=\"font-weight: 400;\">Skinbooster o shock de hidrataci\u00f3n para bioestimulaci\u00f3n de la piel.<\/span><\/li>\n<li style=\"font-weight: 400;\" aria-level=\"1\"><span style=\"font-weight: 400;\">Adyuvante tras tratamiento odontologicos: sonrisa gingival; correcci\u00f3n de asimetrias peribucales y arrugas del codigo de barras o del fumador tras empleo de bracquets, etc.<\/span><\/li>\n<li style=\"font-weight: 400;\" aria-level=\"1\"><span style=\"font-weight: 400;\">Asimetr\u00edas faciales por h\u00e1bitos naturales, por par\u00e1lisis nerviosas, por col\u00e1genopatias o enfermedades autoinmunes.<\/span><\/li>\n<li style=\"font-weight: 400;\" aria-level=\"1\"><span style=\"font-weight: 400;\">Depresi\u00f3n de zona temporal (sien) y p\u00f3mulos de causa constitucional, por envejecimiento, por p\u00e9rdida de peso.<\/span><\/li>\n<\/ol>\n<p>&nbsp;<\/p>\n<p><span style=\"font-weight: 400;\"><strong>Atenci\u00f3n:<\/strong> Antes se lo conoc\u00eda popularmente como un \u201cfiller\u201d o material de relleno, sobre todo de p\u00f3mulos y labios. La gente le tem\u00eda por si inflaba demasiado, si engordaba, si se notaba, si quedaba artificial. Hoy lo usamos para moldear y miomodular un rostro que se mueve, que se expresa. Nos permite reponer el volumen adonde falta, corregir asimetrias, reposicionar estructuras, mejorar flaccidez, modelar estructuras. Todo ello, embelleciendo y rejuveneciendo conservando la naturalidad.<\/span><\/p>\n<p>[\/et_pb_toggle][et_pb_toggle title=&#8221;Botox \u00ae&#8221; _builder_version=&#8221;4.9.10&#8243; _module_preset=&#8221;default&#8221; title_font=&#8221;Lato||||||||&#8221; title_font_size=&#8221;17px&#8221; global_colors_info=&#8221;{}&#8221;]<\/p>\n<p><span style=\"font-weight: 400;\">La aplicacio\u0301n de toxina Botuli\u0301nica\/Botox \u00ae es el tratamiento m\u00e1s empleado en medicina est\u00e9tica desde hace d\u00e9cadas debido a su versatilidad en la correcci\u00f3n de distintas probl\u00e9maticas, la rapidez del procedimiento, la naturalidad de los resultados y la amplia satisfacci\u00f3n por parte de los pacientes.<\/span><\/p>\n<p><span style=\"font-weight: 400;\">Aunque su empleo se hizo popular por lograr la \u201cdisminuci\u00f3n de las arrugas\u201d bien empleado tiene muchos m\u00e1s beneficios.<\/span><\/p>\n<p><span style=\"font-weight: 400;\">Usos\/Indicaciones:\u00a0<\/span><\/p>\n<ul>\n<li style=\"font-weight: 400;\" aria-level=\"1\"><span style=\"font-weight: 400;\">Arrugas de expresi\u00f3n: correcci\u00f3n de las arrugas din\u00e1micas ya presentes y \u201cprevenci\u00f3n\u201d de nuevas arrugas ya sea en Baby botox o Botox full face.<\/span><\/li>\n<li style=\"font-weight: 400;\" aria-level=\"1\"><span style=\"font-weight: 400;\">Asimetr\u00edas din\u00e1micas<\/span><\/li>\n<li style=\"font-weight: 400;\" aria-level=\"1\"><span style=\"font-weight: 400;\">Sonrisa gingival<\/span><\/li>\n<li style=\"font-weight: 400;\" aria-level=\"1\"><span style=\"font-weight: 400;\">\u201cCelulitis del ment\u00f3n\u201d<\/span><\/li>\n<li style=\"font-weight: 400;\" aria-level=\"1\"><span style=\"font-weight: 400;\">Ca\u00edda de cola de cejas.<\/span><\/li>\n<li style=\"font-weight: 400;\" aria-level=\"1\"><span style=\"font-weight: 400;\">Ca\u00edda de punta nasal al hablar o sonreir<\/span><\/li>\n<li style=\"font-weight: 400;\" aria-level=\"1\"><span style=\"font-weight: 400;\">Bruxismo: coadyuvante para revertir la hipertrofia muscular maseterina, etc.<\/span><\/li>\n<li style=\"font-weight: 400;\" aria-level=\"1\"><span style=\"font-weight: 400;\">Escote: Arrugas de escote.<\/span><\/li>\n<li style=\"font-weight: 400;\" aria-level=\"1\"><span style=\"font-weight: 400;\">Axilas: Hiperhidrosis o exceso de sudoraci\u00f3n axilar.<\/span><\/li>\n<li style=\"font-weight: 400;\" aria-level=\"1\"><span style=\"font-weight: 400;\">Ros\u00e1cea<\/span><\/li>\n<\/ul>\n<p><span style=\"font-weight: 400;\"><strong>Atenci\u00f3n:<\/strong> Como no es un material de relleno, no aporta volumen ni da la sensaci\u00f3n de hinchaz\u00f3n ya que se infiltra en los mu\u0301sculos para relajarlos.<\/span><\/p>\n<p>[\/et_pb_toggle][et_pb_toggle title=&#8221;Rutina personalizada con formulaci\u00f3n magistral&#8221; _builder_version=&#8221;4.9.10&#8243; _module_preset=&#8221;default&#8221; title_font=&#8221;Lato||||||||&#8221; title_font_size=&#8221;17px&#8221; global_colors_info=&#8221;{}&#8221;]<\/p>\n<p><span style=\"font-weight: 400;\">La formulaci\u00f3n magistral es una herramienta fundamental al momento de armar el mejor esquema de tratamiento y cuidados diarios para nuestros pacientes.<\/span><\/p>\n<p><span style=\"font-weight: 400;\">Es un arte que nos permite crear productos (cremas, medicamentos, etc) individualizados para cada persona en particular.<\/span><\/p>\n<p>&nbsp;<\/p>\n<p><span style=\"font-weight: 400;\">En su formulaci\u00f3n interviene el m\u00e9dico a cargo del paciente que podr\u00e1 elegir y \u201cmezclar\u201d todo lo que la persona necesita en di\u00e1logo constante con el farmac\u00e9utico especializado en ello que desarrollar\u00e1 finalmente el producto.<\/span><\/p>\n<p><span style=\"font-weight: 400;\">De la colaboraci\u00f3n de estas dos profesiones distintas surge un producto personalizado para cada persona.<\/span><\/p>\n<p>&nbsp;<\/p>\n<p><strong>Cu\u00e1ndo elegimos formular productos:<\/strong><\/p>\n<ol>\n<li style=\"font-weight: 400;\" aria-level=\"1\"><span style=\"font-weight: 400;\">cuando el mercado no nos provee de un producto que tenga todos los principios activos o a las concentraciones que necesitamos.<\/span><\/li>\n<li style=\"font-weight: 400;\" aria-level=\"1\"><span style=\"font-weight: 400;\">cuando necesitamos mejorar la cosm\u00e9tica, la tolerancia y la eficacia<\/span><\/li>\n<li style=\"font-weight: 400;\" aria-level=\"1\"><span style=\"font-weight: 400;\">cuando tenemos que tratar varias cosas a la vez.<\/span><\/li>\n<\/ol>\n<p>&nbsp;<\/p>\n<p><span style=\"font-weight: 400;\">No nos ata a modas, a los laboratorios, a la falta de stock o de importaci\u00f3n, haci\u00e9ndonos mas libres al momento de decidir.<\/span><\/p>\n<p>&nbsp;<\/p>\n<p><strong>Qu\u00e9 podemos formular:<\/strong><\/p>\n<p>&nbsp;<\/p>\n<p><span style=\"font-weight: 400;\">comprimidos para ca\u00edda de cabello, manchas, protecci\u00f3n solar end\u00f3gena, etc.<\/span><\/p>\n<p><span style=\"font-weight: 400;\">cremas para rutinas diarias: para acn\u00e9, ros\u00e1cea, envejecimiento, manchas.<\/span><\/p>\n<p><span style=\"font-weight: 400;\">lociones y shamp\u00faes para el cuero cabelludo<\/span><\/p>\n<p><span style=\"font-weight: 400;\">rutinas diarias: cremas, lociones, agua micelar, mascarillas, etc.<\/span><\/p>\n<p>&nbsp;<\/p>\n<p><span style=\"font-weight: 400;\">Importante: casi nunca repetimos la misma formulaci\u00f3n magistral. Tu piel va cambiando con el tratamiento por lo que iremos cambiando tambi\u00e9n cada crema o producto nuevo que te recetemos. Con la formulaci\u00f3n magistral nos readaptamos constantemente a tus mejoras y necesidades.<\/span><\/p>\n<p>[\/et_pb_toggle][\/et_pb_column][\/et_pb_row][et_pb_row _builder_version=&#8221;4.9.10&#8243; _module_preset=&#8221;default&#8221; global_colors_info=&#8221;{}&#8221;][et_pb_column type=&#8221;4_4&#8243; _builder_version=&#8221;4.9.10&#8243; _module_preset=&#8221;default&#8221; global_colors_info=&#8221;{}&#8221;][et_pb_button button_url=&#8221;https:\/\/drasilvinagaglio.com.ar\/#contacto&#8221; button_text=&#8221;Contact\u00e1nos&#8221; button_alignment=&#8221;center&#8221; _builder_version=&#8221;4.9.10&#8243; custom_button=&#8221;on&#8221; button_text_size=&#8221;19px&#8221; button_text_color=&#8221;#ffffff&#8221; button_bg_color=&#8221;#020d24&#8243; button_border_width=&#8221;4px&#8221; button_border_color=&#8221;#020d24&#8243; button_border_radius=&#8221;2px&#8221; button_font=&#8221;Lato||||||||&#8221; custom_padding=&#8221;|65px||65px|false|true&#8221; global_colors_info=&#8221;{}&#8221;][\/et_pb_button][\/et_pb_column][\/et_pb_row][\/et_pb_section]<\/p>\n","protected":false},"excerpt":{"rendered":"<p>RECONOCERTETu imagen es parte de tu identidad! El rostro presenta puntos claves que lo identifican con lo femenino o lo masculino. Por ejemplo, las cejas altas y con curvatura, los p\u00f3mulos proyectados, una nariz suave, labios jugosos y ment\u00f3n fino se observan con m\u00e1s frecuencia en rostros femeninos. Por el contrario, cejas bajas y planas, [&hellip;]<\/p>\n","protected":false},"author":1,"featured_media":0,"parent":0,"menu_order":0,"comment_status":"closed","ping_status":"closed","template":"","meta":{"_et_pb_use_builder":"on","_et_pb_old_content":"<!-- wp:divi\/placeholder \/-->","_et_gb_content_width":"","footnotes":""},"class_list":["post-85","page","type-page","status-publish","hentry"],"aioseo_notices":[],"_links":{"self":[{"href":"https:\/\/drasilvinagaglio.com.ar\/index.php\/wp-json\/wp\/v2\/pages\/85","targetHints":{"allow":["GET"]}}],"collection":[{"href":"https:\/\/drasilvinagaglio.com.ar\/index.php\/wp-json\/wp\/v2\/pages"}],"about":[{"href":"https:\/\/drasilvinagaglio.com.ar\/index.php\/wp-json\/wp\/v2\/types\/page"}],"author":[{"embeddable":true,"href":"https:\/\/drasilvinagaglio.com.ar\/index.php\/wp-json\/wp\/v2\/users\/1"}],"replies":[{"embeddable":true,"href":"https:\/\/drasilvinagaglio.com.ar\/index.php\/wp-json\/wp\/v2\/comments?post=85"}],"version-history":[{"count":9,"href":"https:\/\/drasilvinagaglio.com.ar\/index.php\/wp-json\/wp\/v2\/pages\/85\/revisions"}],"predecessor-version":[{"id":235503,"href":"https:\/\/drasilvinagaglio.com.ar\/index.php\/wp-json\/wp\/v2\/pages\/85\/revisions\/235503"}],"wp:attachment":[{"href":"https:\/\/drasilvinagaglio.com.ar\/index.php\/wp-json\/wp\/v2\/media?parent=85"}],"curies":[{"name":"wp","href":"https:\/\/api.w.org\/{rel}","templated":true}]}}