{"id":81,"date":"2021-07-15T18:13:16","date_gmt":"2021-07-15T18:13:16","guid":{"rendered":"http:\/\/drasilvinagaglio.com.ar\/?page_id=81"},"modified":"2022-02-09T00:54:55","modified_gmt":"2022-02-09T00:54:55","slug":"verte-bien","status":"publish","type":"page","link":"https:\/\/drasilvinagaglio.com.ar\/index.php\/verte-bien\/","title":{"rendered":"Verte bien"},"content":{"rendered":"<p>[et_pb_section fb_built=&#8221;1&#8243; admin_label=&#8221;section&#8221; _builder_version=&#8221;3.22&#8243; custom_padding=&#8221;70px|||||&#8221; global_colors_info=&#8221;{}&#8221;][et_pb_row column_structure=&#8221;1_2,1_2&#8243; admin_label=&#8221;row&#8221; _builder_version=&#8221;3.25&#8243; background_size=&#8221;initial&#8221; background_position=&#8221;top_left&#8221; background_repeat=&#8221;repeat&#8221; global_colors_info=&#8221;{}&#8221;][et_pb_column type=&#8221;1_2&#8243; _builder_version=&#8221;3.25&#8243; custom_padding=&#8221;|||&#8221; global_colors_info=&#8221;{}&#8221; custom_padding__hover=&#8221;|||&#8221;][et_pb_text _builder_version=&#8221;4.9.10&#8243; _module_preset=&#8221;default&#8221; header_font=&#8221;Prata||||||||&#8221; header_text_color=&#8221;rgba(180,139,133,0.27)&#8221; header_font_size=&#8221;75px&#8221; filter_blur=&#8221;2px&#8221; global_colors_info=&#8221;{}&#8221;]<\/p>\n<h1>VERTE BIEN<\/h1>\n<p>[\/et_pb_text][et_pb_text _builder_version=&#8221;4.9.10&#8243; _module_preset=&#8221;default&#8221; text_font=&#8221;Lato||||||||&#8221; text_text_color=&#8221;#707070&#8243; text_font_size=&#8221;16px&#8221; text_line_height=&#8221;1.6em&#8221; header_font=&#8221;Lato||||||||&#8221; custom_margin=&#8221;||||false|false&#8221; global_colors_info=&#8221;{}&#8221;]<\/p>\n<p><span style=\"font-weight: 400;\">La percepci\u00f3n de nuestra<\/span><span style=\"font-weight: 400;\"> propia <\/span><span style=\"font-weight: 400;\">imagen<\/span><span style=\"font-weight: 400;\"> influye en nuestro estado de bienestar y felicidad.\u00a0<\/span><\/p>\n<p><span style=\"font-weight: 400;\">Esta imagen no siempre manifiesta nuestros sentimientos, estados de \u00e1nimo o sensaciones y es com\u00fan el reclamo de que \u201ctengo cara de cansado aunque dom\u00ed mil horas\u201d, o \u201cde enojado o triste cuando no lo estoy\u201d, o \u201cparezco t\u00edmido o indeciso sin serlo\u201d.<\/span><\/p>\n<p><span style=\"font-weight: 400;\">Verte bien a veces tiene que ver con la apreciaci\u00f3n de tu belleza.\u00a0<\/span><\/p>\n<p><span style=\"font-weight: 400;\">A cualquier edad la <\/span><span style=\"font-weight: 400;\">est\u00e9tica <\/span><span style=\"font-weight: 400;\">del rostro se relaciona con la armon\u00eda entre las facciones (p\u00f3mulos, contorno mandibular, nariz, ment\u00f3n, labios) y la salud y la calidad de la piel. Hacer el diagn\u00f3stico correcto en cada persona en particular nos permite elegir entre las m\u00faltiples opciones terap\u00e9uticas con las que contamos para que combinadas logremos los mejores resultados.<\/span><\/p>\n<p><span style=\"font-weight: 400;\">Dejanos elegir las tuyas.<\/span><\/p>\n<p>[\/et_pb_text][\/et_pb_column][et_pb_column type=&#8221;1_2&#8243; _builder_version=&#8221;3.25&#8243; custom_padding=&#8221;|||&#8221; global_colors_info=&#8221;{}&#8221; custom_padding__hover=&#8221;|||&#8221;][et_pb_image src=&#8221;https:\/\/drasilvinagaglio.com.ar\/wp-content\/uploads\/2021\/07\/Interseccion-1.png&#8221; title_text=&#8221;Intersecci\u00f3n 1&#8243; _builder_version=&#8221;4.9.10&#8243; _module_preset=&#8221;default&#8221; border_radii=&#8221;off||50px||50px&#8221; box_shadow_style=&#8221;preset4&#8243; box_shadow_horizontal=&#8221;30px&#8221; box_shadow_vertical=&#8221;30px&#8221; box_shadow_color=&#8221;rgba(180,139,133,0.38)&#8221; global_colors_info=&#8221;{}&#8221;][\/et_pb_image][\/et_pb_column][\/et_pb_row][et_pb_row _builder_version=&#8221;4.9.10&#8243; _module_preset=&#8221;default&#8221; custom_padding=&#8221;100px|||||&#8221; global_colors_info=&#8221;{}&#8221;][et_pb_column type=&#8221;4_4&#8243; _builder_version=&#8221;4.9.10&#8243; _module_preset=&#8221;default&#8221; global_colors_info=&#8221;{}&#8221;][et_pb_text _builder_version=&#8221;4.9.10&#8243; header_2_font=&#8221;Lato|700|||||||&#8221; header_2_text_color=&#8221;#707070&#8243; header_2_font_size=&#8221;55px&#8221; custom_margin=&#8221;||||false|false&#8221; global_colors_info=&#8221;{}&#8221;]<\/p>\n<h2 style=\"text-align: center;\">Nuestras principales herramientas<\/h2>\n<p>[\/et_pb_text][et_pb_divider color=&#8221;#b48b85&#8243; _builder_version=&#8221;4.9.10&#8243; _module_preset=&#8221;default&#8221; global_colors_info=&#8221;{}&#8221;][\/et_pb_divider][et_pb_toggle title=&#8221;Reestructuraci\u00f3n facial con \u00e1cido hialur\u00f3nico&#8221; _builder_version=&#8221;4.14.7&#8243; _module_preset=&#8221;default&#8221; title_font=&#8221;Lato||||||||&#8221; title_font_size=&#8221;17px&#8221; hover_enabled=&#8221;0&#8243; global_colors_info=&#8221;{}&#8221; sticky_enabled=&#8221;0&#8243;]<\/p>\n<p><span style=\"font-weight: 400;\">El \u00e1cido hialur\u00f3nico es el producto estrella en la medicina est\u00e9tica de vanguardia.<\/span><\/p>\n<p><span style=\"font-weight: 400;\">La industria farmac\u00e9utica se va superando cada vez m\u00e1s en su elaboraci\u00f3n. Hoy en d\u00eda contamos no con uno sino con muchos \u201c\u00e1cidos hialur\u00f3nicos\u201d gracias a las diferentes caracter\u00edsticas que les han ido modificando en su fabricaci\u00f3n. Esta gran familia de acidos hialuronicos se adapta a las diferentes necesidades est\u00e9ticas aumentando sus usos e indicaciones.<\/span><\/p>\n<p><span style=\"font-weight: 400;\">Debido a la diferente gama de productos que lo contienen y a su versatilidad es una de mis herramientas favoritas.<\/span><\/p>\n<p>&nbsp;<\/p>\n<p><span style=\"font-weight: 400;\">Usos\/indicaciones:<\/span><\/p>\n<ol>\n<li style=\"font-weight: 400;\" aria-level=\"1\"><span style=\"font-weight: 400;\">Armonizaci\u00f3n facial y lifting no quir\u00fargico.<\/span><\/li>\n<li style=\"font-weight: 400;\" aria-level=\"1\"><span style=\"font-weight: 400;\">Reposicionamiento de tercio medio (zona malar\/p\u00f3mulos) como eje del rejuvenecimiento facial.<\/span><\/li>\n<li style=\"font-weight: 400;\" aria-level=\"1\"><span style=\"font-weight: 400;\">Perfiloplastia<\/span><\/li>\n<li style=\"font-weight: 400;\" aria-level=\"1\"><span style=\"font-weight: 400;\">Ment\u00f3n: mentoplastia sin cirugia; correcci\u00f3n de retrognatia (retroceso del ment\u00f3n); \u201ccelulitis\u201d del menton.\u00a0<\/span><\/li>\n<li style=\"font-weight: 400;\" aria-level=\"1\"><span style=\"font-weight: 400;\">Contorneado mandibular.<\/span><\/li>\n<li style=\"font-weight: 400;\" aria-level=\"1\"><span style=\"font-weight: 400;\">Mejoria indirecta de doble papada y flaccidez del cuello.<\/span><\/li>\n<li style=\"font-weight: 400;\" aria-level=\"1\"><span style=\"font-weight: 400;\">Flaccidez facial.<\/span><\/li>\n<li style=\"font-weight: 400;\" aria-level=\"1\"><span style=\"font-weight: 400;\">Labios: correcci\u00f3n de asimetrias; proyecci\u00f3n; voluminizaci\u00f3n; perfilado. Codigo de barras.\u00a0<\/span><\/li>\n<li style=\"font-weight: 400;\" aria-level=\"1\"><span style=\"font-weight: 400;\">Nariz: Rinomodelaci\u00f3n o nariz sin cirugia; elevaci\u00f3n de punta nasal.<\/span><\/li>\n<li style=\"font-weight: 400;\" aria-level=\"1\"><span style=\"font-weight: 400;\">Ojeras.<\/span><\/li>\n<li style=\"font-weight: 400;\" aria-level=\"1\"><span style=\"font-weight: 400;\">Elevaci\u00f3n de cola de cejas.<\/span><\/li>\n<li style=\"font-weight: 400;\" aria-level=\"1\"><span style=\"font-weight: 400;\">Disminuci\u00f3n de arrugas y surcos: surco nasogeniano, marioneta, glabela, etc.<\/span><\/li>\n<li style=\"font-weight: 400;\" aria-level=\"1\"><span style=\"font-weight: 400;\">Skinbooster o shock de hidrataci\u00f3n para bioestimulaci\u00f3n de la piel.<\/span><\/li>\n<li style=\"font-weight: 400;\" aria-level=\"1\"><span style=\"font-weight: 400;\">Adyuvante tras tratamiento odontologicos: sonrisa gingival; correcci\u00f3n de asimetrias peribucales y arrugas del codigo de barras o del fumador tras empleo de bracquets, etc.<\/span><\/li>\n<li style=\"font-weight: 400;\" aria-level=\"1\"><span style=\"font-weight: 400;\">Asimetr\u00edas faciales por h\u00e1bitos naturales, por par\u00e1lisis nerviosas, por col\u00e1genopatias o enfermedades autoinmunes.<\/span><\/li>\n<li style=\"font-weight: 400;\" aria-level=\"1\"><span style=\"font-weight: 400;\">Depresi\u00f3n de zona temporal (sien) y p\u00f3mulos de causa constitucional, por envejecimiento, por p\u00e9rdida de peso.<\/span><\/li>\n<\/ol>\n<p>&nbsp;<\/p>\n<p><span style=\"font-weight: 400;\"><strong>Atenci\u00f3n:<\/strong> Antes se lo conoc\u00eda popularmente como un \u201cfiller\u201d o material de relleno, sobre todo de p\u00f3mulos y labios. La gente le tem\u00eda por si inflaba demasiado, si engordaba, si se notaba, si quedaba artificial. Hoy lo usamos para moldear y miomodular un rostro que se mueve, que se expresa. Nos permite reponer el volumen adonde falta, corregir asimetrias, reposicionar estructuras, mejorar flaccidez, modelar estructuras. Todo ello, embelleciendo y rejuveneciendo conservando la naturalidad.<\/span><\/p>\n<p>[\/et_pb_toggle][et_pb_toggle title=&#8221;Botox \u00ae&#8221; _builder_version=&#8221;4.9.10&#8243; _module_preset=&#8221;default&#8221; title_font=&#8221;Lato||||||||&#8221; title_font_size=&#8221;17px&#8221; global_colors_info=&#8221;{}&#8221;]<\/p>\n<p><span style=\"font-weight: 400;\">La aplicacio\u0301n de toxina Botuli\u0301nica\/Botox \u00ae es el tratamiento m\u00e1s empleado en medicina est\u00e9tica desde hace d\u00e9cadas debido a su versatilidad en la correcci\u00f3n de distintas probl\u00e9maticas, la rapidez del procedimiento, la naturalidad de los resultados y la amplia satisfacci\u00f3n por parte de los pacientes.<\/span><\/p>\n<p><span style=\"font-weight: 400;\">Aunque su empleo se hizo popular por lograr la \u201cdisminuci\u00f3n de las arrugas\u201d bien empleado tiene muchos m\u00e1s beneficios.<\/span><\/p>\n<p><span style=\"font-weight: 400;\">Usos\/Indicaciones:\u00a0<\/span><\/p>\n<ul>\n<li style=\"font-weight: 400;\" aria-level=\"1\"><span style=\"font-weight: 400;\">Arrugas de expresi\u00f3n: correcci\u00f3n de las arrugas din\u00e1micas ya presentes y \u201cprevenci\u00f3n\u201d de nuevas arrugas ya sea en Baby botox o Botox full face.<\/span><\/li>\n<li style=\"font-weight: 400;\" aria-level=\"1\"><span style=\"font-weight: 400;\">Asimetr\u00edas din\u00e1micas<\/span><\/li>\n<li style=\"font-weight: 400;\" aria-level=\"1\"><span style=\"font-weight: 400;\">Sonrisa gingival<\/span><\/li>\n<li style=\"font-weight: 400;\" aria-level=\"1\"><span style=\"font-weight: 400;\">\u201cCelulitis del ment\u00f3n\u201d<\/span><\/li>\n<li style=\"font-weight: 400;\" aria-level=\"1\"><span style=\"font-weight: 400;\">Ca\u00edda de cola de cejas.<\/span><\/li>\n<li style=\"font-weight: 400;\" aria-level=\"1\"><span style=\"font-weight: 400;\">Ca\u00edda de punta nasal al hablar o sonreir<\/span><\/li>\n<li style=\"font-weight: 400;\" aria-level=\"1\"><span style=\"font-weight: 400;\">Bruxismo: coadyuvante para revertir la hipertrofia muscular maseterina, etc.<\/span><\/li>\n<li style=\"font-weight: 400;\" aria-level=\"1\"><span style=\"font-weight: 400;\">Escote: Arrugas de escote.<\/span><\/li>\n<li style=\"font-weight: 400;\" aria-level=\"1\"><span style=\"font-weight: 400;\">Axilas: Hiperhidrosis o exceso de sudoraci\u00f3n axilar.<\/span><\/li>\n<li style=\"font-weight: 400;\" aria-level=\"1\"><span style=\"font-weight: 400;\">Ros\u00e1cea<\/span><\/li>\n<\/ul>\n<p><span style=\"font-weight: 400;\"><strong>Atenci\u00f3n:<\/strong> Como no es un material de relleno, no aporta volumen ni da la sensaci\u00f3n de hinchaz\u00f3n ya que se infiltra en los mu\u0301sculos para relajarlos.<\/span><\/p>\n<p>[\/et_pb_toggle][et_pb_toggle title=&#8221;Hilos de PDO&#8221; _builder_version=&#8221;4.9.10&#8243; _module_preset=&#8221;default&#8221; title_font=&#8221;Lato||||||||&#8221; title_font_size=&#8221;17px&#8221; global_colors_info=&#8221;{}&#8221;]<\/p>\n<p><span style=\"font-weight: 400;\">Lo habr\u00e1s visto escrito de todas estas formas pero, \u00bfsab\u00e9s realmente qu\u00e9 son y c\u00f3mo pueden ayudarte a <\/span><b>corregir la flaccidez de la cara, papada y del cuello<\/b><span style=\"font-weight: 400;\">?<\/span><\/p>\n<p>&nbsp;<\/p>\n<p><span style=\"font-weight: 400;\">El tratamiento con<\/span><b> hilos de polidioxanona<\/b><span style=\"font-weight: 400;\"> (PDO), que es el t\u00e9rmino t\u00e9cnico en base a su composici\u00f3n, consiste en la colocaci\u00f3n de m\u00faltiples hilos en posiciones estrat\u00e9gicas para crear una <\/span><b>red formada por vectores que act\u00faan como soporte de los tejidos<\/b><span style=\"font-weight: 400;\">.<\/span><\/p>\n<p><span style=\"font-weight: 400;\">Los hilos est\u00e1n fabricados con polidioxanona, un material <\/span><b>altamente seguro<\/b><span style=\"font-weight: 400;\">: se usa en cirug\u00eda card\u00edaca ya que act\u00faa favoreciendo la cohesi\u00f3n de las c\u00e9lulas y es cien por cien reabsorbido por nuestro organismo.<\/span><\/p>\n<p><span style=\"font-weight: 400;\">Existen distintos tipos de hilos (por ejemplo, espiculados o de tensi\u00f3n y monofilamentos) que el m\u00e9dico selecciona seg\u00fan el dise\u00f1o que requiera cada persona.<\/span><\/p>\n<p><span style=\"font-weight: 400;\">Tiene dos efectos: un <\/span><b>efecto \u201cV\u201d o lifting inmediato<\/b><span style=\"font-weight: 400;\"> conocido como \u201clifting sin cirug\u00eda\u201d que se consigue al reposicionar los tejidos, y otro efecto a largo plazo, que es la estimulaci\u00f3n natural de col\u00e1geno. <\/span><b>Por eso se utiliza para corregir la flaccidez de la cara, papada y cuello, pero tambi\u00e9n para mejorar las arrugas de alrededor de los ojos y de las mejillas, y para aportar m\u00e1s densidad, tensi\u00f3n, elasticidad y brillo a la piel.<\/b><\/p>\n<p>&nbsp;<\/p>\n<p><b>\u00bfC\u00f3mo act\u00faan en nuestra piel?<\/b><\/p>\n<p><span style=\"font-weight: 400;\">El mecanismo de acci\u00f3n de estos hilos consiste en <\/span><b>favorecer la formaci\u00f3n de nuevas fibras de col\u00e1geno<\/b><span style=\"font-weight: 400;\"> (neocolag\u00e9nesis) y activar los fibroblastos y la s\u00edntesis de hialur\u00f3nico end\u00f3geno.<\/span><\/p>\n<p><span style=\"font-weight: 400;\">Los estudios m\u00e1s recientes indican que incluso favorecen la <\/span><b>neoangiog\u00e9nesis<\/b><span style=\"font-weight: 400;\"> (formaci\u00f3n de nuevos vasos sangu\u00edneos) y tienen un <\/span><b>efecto lipol\u00edtico<\/b><span style=\"font-weight: 400;\">.\u00a0<\/span><\/p>\n<p><span style=\"font-weight: 400;\">En un primer momento se produce una ligera reacci\u00f3n inflamatoria. Posteriormente, <\/span><b>hacia las 4 semanas<\/b><span style=\"font-weight: 400;\">, se produce la formaci\u00f3n de fibras de col\u00e1geno alrededor del hilo, <\/span><span style=\"font-weight: 400;\">siendo m\u00e1ximo el efecto a los 3 meses<\/span><span style=\"font-weight: 400;\">. El hilo sirve de gu\u00eda sobre la que se depositar\u00e1 el col\u00e1geno, y tras la desaparici\u00f3n del hilo (que se reabsorbe en 3 a 6 meses) persiste ese col\u00e1geno otros 5 o 6 meses m\u00e1s. Por ello decimos que <\/span><b>el efecto de sustentaci\u00f3n dura aproximadamente un a\u00f1o<\/b><span style=\"font-weight: 400;\">.<\/span><\/p>\n<p>&nbsp;<\/p>\n<p><b>Principales usos:<\/b><\/p>\n<p><span style=\"font-weight: 400;\">flaccidez (grado 1 y 2) de cara, papada y cuello.<\/span><\/p>\n<p><span style=\"font-weight: 400;\">arrugas perioculares<\/span><\/p>\n<p><span style=\"font-weight: 400;\">arrugas en mejillas<\/span><\/p>\n<p><span style=\"font-weight: 400;\">arrugas en cuello<\/span><\/p>\n<p>&nbsp;<\/p>\n<p><b>Objetivos:\u00a0<\/b><\/p>\n<p><span style=\"font-weight: 400;\">disminuir y prevenir <\/span><b>la flaccidez de la cara, papada y cuello<\/b><\/p>\n<p><b>Mejorar las arrugas de alrededor de los ojos y de las mejillas.<\/b><\/p>\n<p><b>aportar m\u00e1s densidad, tensi\u00f3n, elasticidad y brillo a la piel.<\/b><\/p>\n<p>[\/et_pb_toggle][et_pb_toggle title=&#8221;Bioestimulaci\u00f3n con hidroxiapatita de calcio\/Radiesse&#8221; _builder_version=&#8221;4.9.10&#8243; _module_preset=&#8221;default&#8221; title_font=&#8221;Lato||||||||&#8221; title_font_size=&#8221;17px&#8221; global_colors_info=&#8221;{}&#8221;]<\/p>\n<p><span style=\"font-weight: 400;\">Bioetim <\/span><span style=\"font-weight: 400;\">Es un implante inyectable blando, seguro, sencillo e inmediatamente eficaz. La textura, es como la de una crema, se mantiene blanda y es natural al tacto.<\/span><\/p>\n<p><span style=\"font-weight: 400;\"><strong>Hidrata:<\/strong>\u00a0<\/span><span style=\"font-weight: 400;\">Le devuelve a la piel la hidrataci\u00f3n perdida por los radicales libres.<\/span><\/p>\n<p><strong>Tensa:\u00a0<\/strong><span style=\"font-weight: 400;\">El estimulo de las c\u00e9lulas encargadas de la producci\u00f3n de col\u00e1geno y elastina le devuelven la firmeza a la piel.<\/span><\/p>\n<p><strong>Natural: <\/strong><span style=\"font-weight: 400;\">Logra un aspecto joven y sano del rostro.<\/span><\/p>\n<p><strong>Previene: <\/strong>L<span style=\"font-weight: 400;\">a aparici\u00f3n de las l\u00edneas de expresi\u00f3n.<\/span><\/p>\n<p><strong>Duradero: <\/strong><span style=\"font-weight: 400;\">Los resultados tienen una duraci\u00f3n aproximada de 18 meses.<\/span><\/p>\n<p>[\/et_pb_toggle][et_pb_toggle title=&#8221;Rutina personalizada con formulaci\u00f3n magistral&#8221; _builder_version=&#8221;4.9.10&#8243; _module_preset=&#8221;default&#8221; title_font=&#8221;Lato||||||||&#8221; title_font_size=&#8221;17px&#8221; global_colors_info=&#8221;{}&#8221;]<\/p>\n<p><span style=\"font-weight: 400;\">La formulaci\u00f3n magistral es una herramienta fundamental al momento de armar el mejor esquema de tratamiento y cuidados diarios para nuestros pacientes.<\/span><\/p>\n<p><span style=\"font-weight: 400;\">Es un arte que nos permite crear productos (cremas, medicamentos, etc) individualizados para cada persona en particular.<\/span><\/p>\n<p>&nbsp;<\/p>\n<p><span style=\"font-weight: 400;\">En su formulaci\u00f3n interviene el m\u00e9dico a cargo del paciente que podr\u00e1 elegir y \u201cmezclar\u201d todo lo que la persona necesita en di\u00e1logo constante con el farmac\u00e9utico especializado en ello que desarrollar\u00e1 finalmente el producto.<\/span><\/p>\n<p><span style=\"font-weight: 400;\">De la colaboraci\u00f3n de estas dos profesiones distintas surge un producto personalizado para cada persona.<\/span><\/p>\n<p>&nbsp;<\/p>\n<p><strong>Cu\u00e1ndo elegimos formular productos:<\/strong><\/p>\n<ol>\n<li style=\"font-weight: 400;\" aria-level=\"1\"><span style=\"font-weight: 400;\">cuando el mercado no nos provee de un producto que tenga todos los principios activos o a las concentraciones que necesitamos.<\/span><\/li>\n<li style=\"font-weight: 400;\" aria-level=\"1\"><span style=\"font-weight: 400;\">cuando necesitamos mejorar la cosm\u00e9tica, la tolerancia y la eficacia<\/span><\/li>\n<li style=\"font-weight: 400;\" aria-level=\"1\"><span style=\"font-weight: 400;\">cuando tenemos que tratar varias cosas a la vez.<\/span><\/li>\n<\/ol>\n<p>&nbsp;<\/p>\n<p><span style=\"font-weight: 400;\">No nos ata a modas, a los laboratorios, a la falta de stock o de importaci\u00f3n, haci\u00e9ndonos mas libres al momento de decidir.<\/span><\/p>\n<p>&nbsp;<\/p>\n<p><strong>Qu\u00e9 podemos formular:<\/strong><\/p>\n<p>&nbsp;<\/p>\n<p><span style=\"font-weight: 400;\">comprimidos para ca\u00edda de cabello, manchas, protecci\u00f3n solar end\u00f3gena, etc.<\/span><\/p>\n<p><span style=\"font-weight: 400;\">cremas para rutinas diarias: para acn\u00e9, ros\u00e1cea, envejecimiento, manchas.<\/span><\/p>\n<p><span style=\"font-weight: 400;\">lociones y shamp\u00faes para el cuero cabelludo<\/span><\/p>\n<p><span style=\"font-weight: 400;\">rutinas diarias: cremas, lociones, agua micelar, mascarillas, etc.<\/span><\/p>\n<p>&nbsp;<\/p>\n<p><span style=\"font-weight: 400;\">Importante: casi nunca repetimos la misma formulaci\u00f3n magistral. Tu piel va cambiando con el tratamiento por lo que iremos cambiando tambi\u00e9n cada crema o producto nuevo que te recetemos. Con la formulaci\u00f3n magistral nos readaptamos constantemente a tus mejoras y necesidades.<\/span><\/p>\n<p>[\/et_pb_toggle][\/et_pb_column][\/et_pb_row][et_pb_row _builder_version=&#8221;4.9.10&#8243; _module_preset=&#8221;default&#8221; global_colors_info=&#8221;{}&#8221;][et_pb_column type=&#8221;4_4&#8243; _builder_version=&#8221;4.9.10&#8243; _module_preset=&#8221;default&#8221; global_colors_info=&#8221;{}&#8221;][et_pb_button button_url=&#8221;https:\/\/drasilvinagaglio.com.ar\/#contacto&#8221; button_text=&#8221;Contact\u00e1nos&#8221; button_alignment=&#8221;center&#8221; _builder_version=&#8221;4.9.10&#8243; custom_button=&#8221;on&#8221; button_text_size=&#8221;19px&#8221; button_text_color=&#8221;#ffffff&#8221; button_bg_color=&#8221;#020d24&#8243; button_border_width=&#8221;4px&#8221; button_border_color=&#8221;#020d24&#8243; button_border_radius=&#8221;2px&#8221; button_font=&#8221;Lato||||||||&#8221; custom_padding=&#8221;|65px||65px|false|true&#8221; global_colors_info=&#8221;{}&#8221;][\/et_pb_button][\/et_pb_column][\/et_pb_row][\/et_pb_section]<\/p>\n","protected":false},"excerpt":{"rendered":"<p>VERTE BIENLa percepci\u00f3n de nuestra propia imagen influye en nuestro estado de bienestar y felicidad.\u00a0 Esta imagen no siempre manifiesta nuestros sentimientos, estados de \u00e1nimo o sensaciones y es com\u00fan el reclamo de que \u201ctengo cara de cansado aunque dom\u00ed mil horas\u201d, o \u201cde enojado o triste cuando no lo estoy\u201d, o \u201cparezco t\u00edmido o [&hellip;]<\/p>\n","protected":false},"author":1,"featured_media":0,"parent":0,"menu_order":0,"comment_status":"closed","ping_status":"closed","template":"","meta":{"_et_pb_use_builder":"on","_et_pb_old_content":"<!-- wp:divi\/placeholder \/-->","_et_gb_content_width":"","footnotes":""},"class_list":["post-81","page","type-page","status-publish","hentry"],"aioseo_notices":[],"_links":{"self":[{"href":"https:\/\/drasilvinagaglio.com.ar\/index.php\/wp-json\/wp\/v2\/pages\/81","targetHints":{"allow":["GET"]}}],"collection":[{"href":"https:\/\/drasilvinagaglio.com.ar\/index.php\/wp-json\/wp\/v2\/pages"}],"about":[{"href":"https:\/\/drasilvinagaglio.com.ar\/index.php\/wp-json\/wp\/v2\/types\/page"}],"author":[{"embeddable":true,"href":"https:\/\/drasilvinagaglio.com.ar\/index.php\/wp-json\/wp\/v2\/users\/1"}],"replies":[{"embeddable":true,"href":"https:\/\/drasilvinagaglio.com.ar\/index.php\/wp-json\/wp\/v2\/comments?post=81"}],"version-history":[{"count":22,"href":"https:\/\/drasilvinagaglio.com.ar\/index.php\/wp-json\/wp\/v2\/pages\/81\/revisions"}],"predecessor-version":[{"id":235502,"href":"https:\/\/drasilvinagaglio.com.ar\/index.php\/wp-json\/wp\/v2\/pages\/81\/revisions\/235502"}],"wp:attachment":[{"href":"https:\/\/drasilvinagaglio.com.ar\/index.php\/wp-json\/wp\/v2\/media?parent=81"}],"curies":[{"name":"wp","href":"https:\/\/api.w.org\/{rel}","templated":true}]}}